{"id":2176,"date":"2026-02-28T12:09:47","date_gmt":"2026-02-28T17:09:47","guid":{"rendered":"https:\/\/mismaloyarentals.com\/gestion-de-propiedades\/"},"modified":"2026-04-01T14:02:47","modified_gmt":"2026-04-01T18:02:47","slug":"gestion-de-propiedades","status":"publish","type":"page","link":"https:\/\/mismaloyarentals.com\/es\/gestion-de-propiedades\/","title":{"rendered":"Administraci\u00f3n de Propiedades"},"content":{"rendered":"<section class=\"l-section wpb_row us_custom_887a049b height_small\"><div class=\"l-section-overlay\" style=\"background:var(--color-content-bg-alt)\"><\/div><div class=\"l-section-h i-cf\"><div class=\"g-cols vc_row via_grid cols_1 laptops-cols_inherit tablets-cols_inherit mobiles-cols_1 valign_top type_default stacking_default\"><div class=\"wpb_column vc_column_container\"><div class=\"vc_column-inner\"><div class=\"w-html\"><section class=\"mr-pm-wrap\">\n<div class=\"mr-pm-local\" style=\"margin-top:-2rem;\">\nEn <strong>Mismaloya Rentals<\/strong>, ofrecemos una gesti\u00f3n de propiedades personalizada para propietarios que desean tranquilidad\ne ingresos fiables de su alquiler, sin el estr\u00e9s del d\u00eda a d\u00eda.\n\n<\/div>\n<h2 class=\"mr-pm-h2\">Qu\u00e9 Hacemos<\/h2>\n<div class=\"mr-pm-grid\">\n<div class=\"mr-pm-item\">\n<div class=\"mr-pm-icon\"><!-- IMAGE SPOT: replace src with your image URL -->\n<img decoding=\"async\" data-src=\"https:\/\/mismaloyarentals.com\/wp-content\/uploads\/2026\/02\/management.webp\" alt=\"Icono de gesti\u00f3n integral\" src=\"data:image\/svg+xml;base64,PHN2ZyB3aWR0aD0iMSIgaGVpZ2h0PSIxIiB4bWxucz0iaHR0cDovL3d3dy53My5vcmcvMjAwMC9zdmciPjwvc3ZnPg==\" class=\"lazyload\" style=\"--smush-placeholder-width: 300px; --smush-placeholder-aspect-ratio: 300\/300;\"><\/div>\n<div class=\"mr-pm-content\">\n<h3>Gesti\u00f3n Integral de Alquileres a Corto Plazo<\/h3>\nGestionamos su propiedad desde la consulta del hu\u00e9sped hasta la salida, garantizando una experiencia fluida tanto para propietarios como para hu\u00e9spedes.\n\n<\/div>\n<\/div>\n<div class=\"mr-pm-item\">\n<div class=\"mr-pm-icon\"><!-- IMAGE SPOT -->\n<img decoding=\"async\" data-src=\"https:\/\/mismaloyarentals.com\/wp-content\/uploads\/2026\/02\/chat.webp\" alt=\"Icono de comunicaci\u00f3n con el hu\u00e9sped\" src=\"data:image\/svg+xml;base64,PHN2ZyB3aWR0aD0iMSIgaGVpZ2h0PSIxIiB4bWxucz0iaHR0cDovL3d3dy53My5vcmcvMjAwMC9zdmciPjwvc3ZnPg==\" class=\"lazyload\" style=\"--smush-placeholder-width: 300px; --smush-placeholder-aspect-ratio: 300\/300;\"><\/div>\n<div class=\"mr-pm-content\">\n<h3>Comunicaci\u00f3n con Hu\u00e9spedes y Reservas<\/h3>\nNos encargamos de todos los mensajes de los hu\u00e9spedes, la coordinaci\u00f3n de reservas, los registros de entrada y el soporte durante su estancia.\n\n<\/div>\n<\/div>\n<div class=\"mr-pm-item\">\n<div class=\"mr-pm-icon\"><!-- IMAGE SPOT -->\n<img decoding=\"async\" data-src=\"https:\/\/mismaloyarentals.com\/wp-content\/uploads\/2026\/02\/cleaning.webp\" alt=\"Icono de limpieza y cambio\" src=\"data:image\/svg+xml;base64,PHN2ZyB3aWR0aD0iMSIgaGVpZ2h0PSIxIiB4bWxucz0iaHR0cDovL3d3dy53My5vcmcvMjAwMC9zdmciPjwvc3ZnPg==\" class=\"lazyload\" style=\"--smush-placeholder-width: 300px; --smush-placeholder-aspect-ratio: 300\/300;\"><\/div>\n<div class=\"mr-pm-content\">\n<h3>Coordinaci\u00f3n de Limpieza y Cambio<\/h3>\nLimpieza profesional, cambio de ropa de cama y preparaci\u00f3n de la propiedad entre estancias, para que su hogar est\u00e9 siempre listo para los hu\u00e9spedes.\n\n<\/div>\n<\/div>\n<div class=\"mr-pm-item\">\n<div class=\"mr-pm-icon\"><!-- IMAGE SPOT -->\n<img decoding=\"async\" data-src=\"https:\/\/mismaloyarentals.com\/wp-content\/uploads\/2026\/02\/maintenance.webp\" alt=\"Icono de supervisi\u00f3n de mantenimiento\" src=\"data:image\/svg+xml;base64,PHN2ZyB3aWR0aD0iMSIgaGVpZ2h0PSIxIiB4bWxucz0iaHR0cDovL3d3dy53My5vcmcvMjAwMC9zdmciPjwvc3ZnPg==\" class=\"lazyload\" style=\"--smush-placeholder-width: 300px; --smush-placeholder-aspect-ratio: 300\/300;\"><\/div>\n<div class=\"mr-pm-content\">\n<h3>Mantenimiento y Supervisi\u00f3n Local<\/h3>\nVigilamos su propiedad, coordinamos las reparaciones cuando es necesario y actuamos como su punto de contacto local.\n\n<\/div>\n<\/div>\n<div class=\"mr-pm-item\">\n<div class=\"mr-pm-icon\"><!-- IMAGE SPOT -->\n<img decoding=\"async\" data-src=\"https:\/\/mismaloyarentals.com\/wp-content\/uploads\/2026\/02\/visibility.jpg\" alt=\"Icono de precios y listados\" src=\"data:image\/svg+xml;base64,PHN2ZyB3aWR0aD0iMSIgaGVpZ2h0PSIxIiB4bWxucz0iaHR0cDovL3d3dy53My5vcmcvMjAwMC9zdmciPjwvc3ZnPg==\" class=\"lazyload\" style=\"--smush-placeholder-width: 300px; --smush-placeholder-aspect-ratio: 300\/300;\"><\/div>\n<div class=\"mr-pm-content\">\n<h3>Precios, Listados y Visibilidad<\/h3>\nAyudamos a optimizar los precios y presentamos su propiedad de forma profesional en todas las plataformas de reserva y en nuestra red de alquiler local.\n\n<\/div>\n<\/div>\n<div class=\"mr-pm-item\">\n<div class=\"mr-pm-icon\"><!-- IMAGE SPOT -->\n<img decoding=\"async\" data-src=\"https:\/\/mismaloyarentals.com\/wp-content\/uploads\/2026\/02\/transparency.webp\" alt=\"Icono de transparencia para el propietario\" src=\"data:image\/svg+xml;base64,PHN2ZyB3aWR0aD0iMSIgaGVpZ2h0PSIxIiB4bWxucz0iaHR0cDovL3d3dy53My5vcmcvMjAwMC9zdmciPjwvc3ZnPg==\" class=\"lazyload\" style=\"--smush-placeholder-width: 300px; --smush-placeholder-aspect-ratio: 300\/300;\"><\/div>\n<div class=\"mr-pm-content\">\n<h3>Transparencia para el Propietario<\/h3>\nComunicaci\u00f3n clara, res\u00famenes de reservas y gesti\u00f3n sencilla, sin sorpresas.\n\n<\/div>\n<\/div>\n<\/div>\n<div class=\"mr-pm-local\">\n<h2>Enfoque Local y Personalizado<\/h2>\n<p class=\"mr-pm-cta\">\nVivimos y trabajamos en la zona. Esto significa tiempos de respuesta m\u00e1s r\u00e1pidos, contactos locales de confianza y una supervisi\u00f3n real, no una gesti\u00f3n remota desde otra ciudad o pa\u00eds.<\/p>\n<p class=\"mr-pm-cta\">Si busca un <strong>socio local y fiable<\/strong> para gestionar su propiedad en Mismaloya o en la zona metropolitana de Puerto Vallarta.<\/p>\n<p style=\"margin-top:1rem;\">\n\t<a href=\"https:\/\/mismaloyarentals.com\/es\/contacto\/\" class=\"us-btn-style_4\">Cont\u00e1ctenos hoy para hablar sobre su propiedad<\/a>\n\t<\/p>\n<\/div>\n\n<\/section><\/div><\/div><\/div><\/div><\/div><\/section>\n","protected":false},"excerpt":{"rendered":"En Mismaloya Rentals, ofrecemos una gesti\u00f3n de propiedades personalizada para propietarios que desean tranquilidad e ingresos fiables de su alquiler, sin el estr\u00e9s del d\u00eda a d\u00eda. Qu\u00e9 Hacemos Gesti\u00f3n Integral de Alquileres a Corto Plazo Gestionamos su propiedad desde la consulta del hu\u00e9sped hasta la salida, garantizando una experiencia fluida tanto para propietarios como...","protected":false},"author":1,"featured_media":2178,"parent":0,"menu_order":0,"comment_status":"closed","ping_status":"closed","template":"","meta":{"_acf_changed":false,"footnotes":""},"class_list":["post-2176","page","type-page","status-publish","has-post-thumbnail","hentry"],"acf":[],"_links":{"self":[{"href":"https:\/\/mismaloyarentals.com\/es\/wp-json\/wp\/v2\/pages\/2176","targetHints":{"allow":["GET"]}}],"collection":[{"href":"https:\/\/mismaloyarentals.com\/es\/wp-json\/wp\/v2\/pages"}],"about":[{"href":"https:\/\/mismaloyarentals.com\/es\/wp-json\/wp\/v2\/types\/page"}],"author":[{"embeddable":true,"href":"https:\/\/mismaloyarentals.com\/es\/wp-json\/wp\/v2\/users\/1"}],"replies":[{"embeddable":true,"href":"https:\/\/mismaloyarentals.com\/es\/wp-json\/wp\/v2\/comments?post=2176"}],"version-history":[{"count":13,"href":"https:\/\/mismaloyarentals.com\/es\/wp-json\/wp\/v2\/pages\/2176\/revisions"}],"predecessor-version":[{"id":2430,"href":"https:\/\/mismaloyarentals.com\/es\/wp-json\/wp\/v2\/pages\/2176\/revisions\/2430"}],"wp:featuredmedia":[{"embeddable":true,"href":"https:\/\/mismaloyarentals.com\/es\/wp-json\/wp\/v2\/media\/2178"}],"wp:attachment":[{"href":"https:\/\/mismaloyarentals.com\/es\/wp-json\/wp\/v2\/media?parent=2176"}],"curies":[{"name":"wp","href":"https:\/\/api.w.org\/{rel}","templated":true}]}}