{"id":2167,"date":"2021-11-20T13:43:53","date_gmt":"2021-11-20T18:43:53","guid":{"rendered":"https:\/\/mismaloyarentals.com\/contacto\/"},"modified":"2026-03-30T07:26:12","modified_gmt":"2026-03-30T11:26:12","slug":"contacto","status":"publish","type":"page","link":"https:\/\/mismaloyarentals.com\/es\/contacto\/","title":{"rendered":"Contacto"},"content":{"rendered":"<section class=\"l-section wpb_row height_small\"><div class=\"l-section-h i-cf\"><div class=\"g-cols vc_row via_grid cols_1-4-1 laptops-cols_inherit tablets-cols_inherit mobiles-cols_1 valign_top type_default stacking_default\"><div class=\"wpb_column vc_column_container\"><div class=\"vc_column-inner\"><\/div><\/div><div class=\"wpb_column vc_column_container\"><div class=\"vc_column-inner\">[vc_custom_heading text=\u00bb\u00bfC\u00f3mo podemos ayudarle?\u00bb font_container=\u00bbtag:h4|text_align:left\u00bb use_theme_fonts=\u00bbyes\u00bb css=\u00bb%7B%22default%22%3A%7B%22font-weight%22%3A%22700%22%7D%7D\u00bb]<div class=\"wpb_text_column\"><div class=\"wpb_wrapper\"><p>Gracias por contactar con Mismaloya Rentals. Tanto si est\u00e1 interesado en encontrar su escapada vacacional perfecta, servicios de gesti\u00f3n de propiedades, publicar su negocio o propiedad en nuestro sitio web, o tiene alguna pregunta sobre actividades (por ejemplo, planificar una excursi\u00f3n en barco), no dude en contactarnos. Siempre nos complace saber de usted, y qui\u00e9n sabe&#8230; Si lo que busca no est\u00e1 disponible, \u00a1quiz\u00e1s a\u00fan podamos ayudarle a encontrar algo mejor!<\/p>\n<\/div><\/div><div class=\"wpb_text_column\"><div class=\"wpb_wrapper\"><div class=\"frm_forms  with_frm_style frm_style_formidable-style frm_full_submit\" id=\"frm_form_1_container\" >\n<form enctype=\"multipart\/form-data\" method=\"post\" class=\"frm-show-form  frm_ajax_submit  frm_pro_form \" id=\"form_contact-form\" >\n<div class=\"frm_form_fields \">\n<fieldset>\n<legend class=\"frm_screen_reader\">Cont\u00e1ctanos<\/legend>\r\n\r\n<div class=\"frm_fields_container\">\n<input type=\"hidden\" name=\"frm_action\" value=\"create\" \/>\n<input type=\"hidden\" name=\"form_id\" value=\"1\" \/>\n<input type=\"hidden\" name=\"frm_hide_fields_1\" id=\"frm_hide_fields_1\" value=\"\" \/>\n<input type=\"hidden\" name=\"form_key\" value=\"contact-form\" \/>\n<input type=\"hidden\" name=\"item_meta[0]\" value=\"\" \/>\n<input type=\"hidden\" id=\"frm_submit_entry_1\" name=\"frm_submit_entry_1\" value=\"e76191a774\" \/><input type=\"hidden\" name=\"_wp_http_referer\" value=\"\/es\/wp-json\/wp\/v2\/pages\/2167\" \/><div id=\"frm_field_17_container\" class=\"frm_form_field form-field  frm_required_field frm_top_container frm_two_col\">\r\n\t<div  id=\"field_sd8yn_label\" class=\"frm_primary_label\">Me interesa informaci\u00f3n sobre:\r\n\t\t<span class=\"frm_required\" aria-hidden=\"true\">*<\/span>\r\n\t<\/div>\r\n\t<div class=\"frm_opt_container\" aria-labelledby=\"field_sd8yn_label\" role=\"group\">\t\t<div class=\"frm_checkbox\" id=\"frm_checkbox_17-4\">\t\t\t<label  for=\"field_sd8yn-4\">\n\t\t\t<input type=\"checkbox\" name=\"item_meta[17][]\" id=\"field_sd8yn-4\" value=\"Vacation rentals\"  data-reqmsg=\"no puede estar vac\u00edo.\" data-invmsg=\"Me interesa informaci\u00f3n sobre: is invalid\"   aria-required=\"true\"  \/> Rentas vacacionales<\/label><\/div>\n\t\t<div class=\"frm_checkbox\" id=\"frm_checkbox_17-3\">\t\t\t<label  for=\"field_sd8yn-3\">\n\t\t\t<input type=\"checkbox\" name=\"item_meta[17][]\" id=\"field_sd8yn-3\" value=\"Property management services\"  data-reqmsg=\"no puede estar vac\u00edo.\" data-invmsg=\"Me interesa informaci\u00f3n sobre: is invalid\"   \/> Servicios de administraci\u00f3n de propiedades<\/label><\/div>\n\t\t<div class=\"frm_checkbox\" id=\"frm_checkbox_17-0\">\t\t\t<label  for=\"field_sd8yn-0\">\n\t\t\t<input type=\"checkbox\" name=\"item_meta[17][]\" id=\"field_sd8yn-0\" value=\"Listing my property\"  data-reqmsg=\"no puede estar vac\u00edo.\" data-invmsg=\"Me interesa informaci\u00f3n sobre: is invalid\"   \/> Anunciar mi propiedad<\/label><\/div>\n\t\t<div class=\"frm_checkbox\" id=\"frm_checkbox_17-1\">\t\t\t<label  for=\"field_sd8yn-1\">\n\t\t\t<input type=\"checkbox\" name=\"item_meta[17][]\" id=\"field_sd8yn-1\" value=\"Listing my business\"  data-reqmsg=\"no puede estar vac\u00edo.\" data-invmsg=\"Me interesa informaci\u00f3n sobre: is invalid\"   \/> Anunciar mi negocio<\/label><\/div>\n\t\t<div class=\"frm_checkbox\" id=\"frm_checkbox_17-2\">\t\t\t<label  for=\"field_sd8yn-2\">\n\t\t\t<input type=\"checkbox\" name=\"item_meta[17][]\" id=\"field_sd8yn-2\" value=\"Other...\"  data-reqmsg=\"no puede estar vac\u00edo.\" data-invmsg=\"Me interesa informaci\u00f3n sobre: is invalid\"   \/> Otro...<\/label><\/div>\n<\/div>\r\n\t\r\n\t\r\n<\/div>\n<div id=\"frm_field_1_container\" class=\"frm_form_field form-field  frm_required_field frm_inside_container frm_first frm_half\">\r\n    <label for=\"field_qh4icy\" id=\"field_qh4icy_label\" class=\"frm_primary_label\">Nombre\r\n        <span class=\"frm_required\" aria-hidden=\"true\">*<\/span>\r\n    <\/label>\r\n    <input  type=\"text\" id=\"field_qh4icy\" name=\"item_meta[1]\" value=\"\"  data-reqmsg=\"no puede estar vac\u00edo.\" aria-required=\"true\" data-invmsg=\"Nombre is invalid\" aria-invalid=\"false\"   \/>\r\n    \r\n    \r\n<\/div>\n<div id=\"frm_field_2_container\" class=\"frm_form_field form-field  frm_inside_container frm_half\">\r\n    <label for=\"field_ocfup1\" id=\"field_ocfup1_label\" class=\"frm_primary_label\">Apellido\r\n        <span class=\"frm_required\" aria-hidden=\"true\"><\/span>\r\n    <\/label>\r\n    <input  type=\"text\" id=\"field_ocfup1\" name=\"item_meta[2]\" value=\"\"  data-invmsg=\"Last is invalid\" aria-invalid=\"false\"   \/>\r\n    \r\n    \r\n<\/div>\n<div id=\"frm_field_3_container\" class=\"frm_form_field form-field  frm_required_field frm_inside_container frm6 frm_first\">\r\n    <label for=\"field_29yf4d\" id=\"field_29yf4d_label\" class=\"frm_primary_label\">Correo electr\u00f3nico\r\n        <span class=\"frm_required\" aria-hidden=\"true\">*<\/span>\r\n    <\/label>\r\n    <input type=\"email\" id=\"field_29yf4d\" name=\"item_meta[3]\" value=\"\"  data-reqmsg=\"no puede estar vac\u00edo.\" aria-required=\"true\" data-invmsg=\"Por favor, ingresa un correo electr\u00f3nico v\u00e1lido.\" aria-invalid=\"false\"  \/>\r\n    \r\n    \r\n<\/div>\n<div id=\"frm_field_23_container\" class=\"frm_form_field form-field  frm_inside_container frm6\">\r\n\t<label for=\"field_ysoow\" id=\"field_ysoow_label\" class=\"frm_primary_label\">Tel\u00e9fono\r\n\t\t<span class=\"frm_required\" aria-hidden=\"true\"><\/span>\r\n\t<\/label>\r\n\t<input type=\"tel\" id=\"field_ysoow\" name=\"item_meta[23]\" value=\"\"  data-invmsg=\"no es v\u00e1lido.\" class=\"frm-intl-tel-input\" aria-invalid=\"false\" pattern=\"\\+?\\d{1,4}[\\s\\-]?(?:\\(\\d{1,3}\\)[\\s\\-]?)?\\d{1,4}[\\s\\-]?\\d{1,4}[\\s\\-]?\\d{1,4}$\"  \/>\r\n\t\r\n\t\r\n<\/div>\n<div id=\"frm_field_5_container\" class=\"frm_form_field form-field  frm_required_field frm_inside_container frm_full\">\r\n    <label for=\"field_9jv0r1\" id=\"field_9jv0r1_label\" class=\"frm_primary_label\">Mensaje\r\n        <span class=\"frm_required\" aria-hidden=\"true\">*<\/span>\r\n    <\/label>\r\n    <textarea name=\"item_meta[5]\" id=\"field_9jv0r1\" rows=\"5\"  data-reqmsg=\"no puede estar vac\u00edo.\" aria-required=\"true\" data-invmsg=\"Mensaje is invalid\" aria-invalid=\"false\"  ><\/textarea>\r\n    \r\n    \r\n<\/div>\n<div id=\"frm_field_16_container\" class=\"frm_form_field form-field  frm_none_container frm12 frm_first\">\r\n\t<label for=\"g-recaptcha-response\" id=\"field_s3g8v_label\" class=\"frm_primary_label\">Captcha\r\n\t\t<span class=\"frm_required\" aria-hidden=\"true\"><\/span>\r\n\t<\/label>\r\n\t<div  id=\"field_s3g8v\" class=\"frm-g-recaptcha\" data-sitekey=\"6LcW1fopAAAAAEc5H2imaIsHZckhwhfnwxp7M1zg\" data-size=\"invisible\" data-theme=\"light\"><\/div>\r\n\t\r\n\t\r\n<\/div>\n<div id=\"frm_field_15_container\" class=\"frm_form_field form-field  frm12 frm_first\">\r\n\t<div class=\"frm_submit\">\r\n\r\n<button class=\"frm_button_submit frm_final_submit\" type=\"submit\"   formnovalidate=\"formnovalidate\">Enviar<\/button>\r\n\r\n<\/div>\r\n<\/div>\n\t<input type=\"hidden\" name=\"item_key\" value=\"\" \/>\n\t\t\t<div id=\"frm_field_24_container\">\n\t\t\t<label for=\"field_9o9r6\" >\n\t\t\t\tSi eres humano, deja este campo en blanco.\t\t\t<\/label>\n\t\t\t<input  id=\"field_9o9r6\" type=\"text\" class=\"frm_form_field form-field frm_verify\" name=\"item_meta[24]\" value=\"\"  \/>\n\t\t<\/div>\n\t\t<input name=\"frm_state\" type=\"hidden\" value=\"AEOcvm0Gd8\/QCZHgmiwhTeRxJBpfYszeSWFIh8jInTQoq7uuAG5WvIMReCR0vvOC\" \/><\/div>\n<\/fieldset>\n<\/div>\n\n<\/form>\n<\/div>\n\n<\/div><\/div><\/div><\/div><div class=\"wpb_column vc_column_container\"><div class=\"vc_column-inner\"><\/div><\/div><\/div><\/div><\/section>\n","protected":false},"excerpt":{"rendered":"[vc_custom_heading text=\"\u00bfC\u00f3mo podemos ayudarle?\" font_container=\"tag:h4|text_align:left\" use_theme_fonts=\"yes\" css=\"%7B%22default%22%3A%7B%22font-weight%22%3A%22700%22%7D%7D\"]Gracias por contactar con Mismaloya Rentals. Tanto si est\u00e1 interesado en encontrar su escapada vacacional perfecta, servicios de gesti\u00f3n de propiedades, publicar su negocio o propiedad en nuestro sitio web, o tiene alguna pregunta sobre actividades (por ejemplo, planificar una excursi\u00f3n en barco), no dude en contactarnos. Siempre nos...","protected":false},"author":1,"featured_media":2170,"parent":0,"menu_order":0,"comment_status":"closed","ping_status":"closed","template":"","meta":{"_acf_changed":false,"footnotes":""},"class_list":["post-2167","page","type-page","status-publish","has-post-thumbnail","hentry"],"acf":[],"_links":{"self":[{"href":"https:\/\/mismaloyarentals.com\/es\/wp-json\/wp\/v2\/pages\/2167","targetHints":{"allow":["GET"]}}],"collection":[{"href":"https:\/\/mismaloyarentals.com\/es\/wp-json\/wp\/v2\/pages"}],"about":[{"href":"https:\/\/mismaloyarentals.com\/es\/wp-json\/wp\/v2\/types\/page"}],"author":[{"embeddable":true,"href":"https:\/\/mismaloyarentals.com\/es\/wp-json\/wp\/v2\/users\/1"}],"replies":[{"embeddable":true,"href":"https:\/\/mismaloyarentals.com\/es\/wp-json\/wp\/v2\/comments?post=2167"}],"version-history":[{"count":1,"href":"https:\/\/mismaloyarentals.com\/es\/wp-json\/wp\/v2\/pages\/2167\/revisions"}],"predecessor-version":[{"id":2174,"href":"https:\/\/mismaloyarentals.com\/es\/wp-json\/wp\/v2\/pages\/2167\/revisions\/2174"}],"wp:featuredmedia":[{"embeddable":true,"href":"https:\/\/mismaloyarentals.com\/es\/wp-json\/wp\/v2\/media\/2170"}],"wp:attachment":[{"href":"https:\/\/mismaloyarentals.com\/es\/wp-json\/wp\/v2\/media?parent=2167"}],"curies":[{"name":"wp","href":"https:\/\/api.w.org\/{rel}","templated":true}]}}